{"id":11,"date":"2011-08-26T06:09:07","date_gmt":"2011-08-26T06:09:07","guid":{"rendered":"http:\/\/www.theatervaganten.de\/relaunch\/?page_id=11"},"modified":"2017-05-08T11:47:11","modified_gmt":"2017-05-08T11:47:11","slug":"uber-uns-3","status":"publish","type":"page","link":"https:\/\/www.theatervaganten.de\/?page_id=11","title":{"rendered":"\u00dcber uns"},"content":{"rendered":"<h3>Hintergrund<\/h3>\n<p>Im Herbst 2002 fand sich eine Gruppe Theaterbegeisterter aus dem Rhein-Main-Gebiet mit dem Ziel zusammen, anspruchsvolles Theater spielen zu wollen. Neben bereits erfahrenen Schauspielern, stie\u00dfen auch einige talentierte und ambitionierte Neulinge zu der Gruppe.<\/p>\n<p>Schnell war man sich einig, St\u00fccke zu probieren und auf die B\u00fchne zu bringen, die sich gleicherma\u00dfen durch literarisches Niveau und hohen Unterhaltungswert auszeichnen.\u00a0 Die Schauspieler wollen sich fordern und den Zuschauern ein anspruchsvolles Vergn\u00fcgen bieten. Zur Gew\u00e4hrleistung dieses Anspruchs st\u00fctzen sich die Amateure auf eine professionelle Regie; und auch f\u00fcr viele andere Aufgaben auf, vor und hinter der B\u00fchne sichern sie sich der Unterst\u00fctzung von professionellen Fachleuten.<\/p>\n<p>Als organisatorischen Rahmen gr\u00fcndete die Gruppe im September 2003 den Verein &#8222;die Theatervaganten e.V.&#8220;.\u00a0 Der Verein ist als gemeinn\u00fctzig anerkannt und\u00a0auf der Suche nach Engagements und Sponsoren. Selbstverst\u00e4ndlich werden neue Mitglieder herzlich begr\u00fc\u00dft, egal ob Sie selbst schauspielerisch t\u00e4tig werden wollen, sich hinsichtlich einer der zahlreichen anderen Aufgaben engagieren wollen oder einfach nur ihre Sympathie und Solidarit\u00e4t zum Ausdruck bringen m\u00f6chten.<\/p>\n<p>Unsere Satzung finden Sie <a title=\"Satzung Theatervaganten e.V.\" href=\"http:\/\/www.theatervaganten.de\/relaunch\/wp-content\/uploads\/2011\/08\/dtv_satzung.pdf\" target=\"_blank\">(Link zum PDF)<\/a><\/p>\n<h3>Aktuelle Mitglieder<\/h3>\n<ul>\n<li>Barbara Kaufmann<\/li>\n<li>Barbara K\u00f6nig<\/li>\n<li>Jens Schr\u00f6der<\/li>\n<li>Ulvi Demirtel<\/li>\n<li>Naciye Demirtel<\/li>\n<li>Petra Weyand-Freydank<\/li>\n<li>Christine Kumpert<\/li>\n<li>Christina Wittal<\/li>\n<li>Lisa Striezel<\/li>\n<li>Noelle Garcia Kolovrat<\/li>\n<li>u.a.<\/li>\n<\/ul>\n<h3>K\u00fcnstlerische Betreuung bis 2009<\/h3>\n<p><strong>Hilde Brand<\/strong><\/p>\n<p>ist staatl. gepr\u00fcfte Schauspielerin, Regisseurin, Coach f\u00fcr Moderatoren und Gastdozentin an der Universit\u00e4t Frankfurt\/Main sowie an der Fachhochschule Koblenz. Hilde Brand ist seit 25 Jahren als Schauspielerin an diversen deutschen B\u00fchnen und in Film- und Fernsehproduktionen t\u00e4tig. (1966-1995 spielte sie in 34 Fernsehfilmen).<br \/>\nSeit 1990 coacht sie unter anderem\u00a0 F\u00fchrungskr\u00e4fte namhafter Wirtschaftsunternehmen.<\/p>\n","protected":false},"excerpt":{"rendered":"<p>Hintergrund Im Herbst 2002 fand sich eine Gruppe Theaterbegeisterter aus dem Rhein-Main-Gebiet mit dem Ziel zusammen, anspruchsvolles Theater spielen zu wollen. Neben bereits erfahrenen Schauspielern, stie\u00dfen auch einige talentierte und ambitionierte Neulinge zu der Gruppe. Schnell war man sich einig, St\u00fccke zu probieren und auf die B\u00fchne zu bringen, die sich gleicherma\u00dfen durch literarisches Niveau &hellip; <\/p>\n<p><a class=\"more-link btn\" href=\"https:\/\/www.theatervaganten.de\/?page_id=11\">Continue reading<\/a><\/p>\n","protected":false},"author":1,"featured_media":0,"parent":0,"menu_order":2,"comment_status":"open","ping_status":"open","template":"","meta":[],"_links":{"self":[{"href":"https:\/\/www.theatervaganten.de\/index.php?rest_route=\/wp\/v2\/pages\/11"}],"collection":[{"href":"https:\/\/www.theatervaganten.de\/index.php?rest_route=\/wp\/v2\/pages"}],"about":[{"href":"https:\/\/www.theatervaganten.de\/index.php?rest_route=\/wp\/v2\/types\/page"}],"author":[{"embeddable":true,"href":"https:\/\/www.theatervaganten.de\/index.php?rest_route=\/wp\/v2\/users\/1"}],"replies":[{"embeddable":true,"href":"https:\/\/www.theatervaganten.de\/index.php?rest_route=%2Fwp%2Fv2%2Fcomments&post=11"}],"version-history":[{"count":11,"href":"https:\/\/www.theatervaganten.de\/index.php?rest_route=\/wp\/v2\/pages\/11\/revisions"}],"predecessor-version":[{"id":391,"href":"https:\/\/www.theatervaganten.de\/index.php?rest_route=\/wp\/v2\/pages\/11\/revisions\/391"}],"wp:attachment":[{"href":"https:\/\/www.theatervaganten.de\/index.php?rest_route=%2Fwp%2Fv2%2Fmedia&parent=11"}],"curies":[{"name":"wp","href":"https:\/\/api.w.org\/{rel}","templated":true}]}}