{"id":16,"date":"2011-08-26T19:40:31","date_gmt":"2011-08-26T19:40:31","guid":{"rendered":"http:\/\/www.theatervaganten.de\/relaunch\/?page_id=16"},"modified":"2019-07-28T17:51:19","modified_gmt":"2019-07-28T17:51:19","slug":"produktionen","status":"publish","type":"page","link":"https:\/\/www.theatervaganten.de\/?page_id=16","title":{"rendered":"Produktionen"},"content":{"rendered":"<h2>Aktuelle Auff\u00fchrungen<\/h2>\n<p><strong>\u00bbTheaterliebe\u00ab<\/strong>&nbsp;eine Eigenproduktion<br \/>\nErstmalig pr\u00e4sentieren die Theatervaganten selbsterstellte Elemente die sie Selbst am Theater lieben in einem abendf\u00fcllenden Arangement.&nbsp;<br \/>\nAktuelle Termine finden Sie unter der Rubrik&nbsp;<strong><a title=\"Termine\" href=\"http:\/\/www.theatervaganten.de\/?page_id=77\">Termine<\/a><\/strong>.<\/p>\n<p><strong>\u00bbAbrakadabra\u00ab<\/strong>&nbsp;Frauke Michaelis<br \/>\nEin St\u00fcck f\u00fcr Kinder ab 4&nbsp;Jahren.&nbsp;Ein modernes Zauberm\u00e4rchen f\u00fcr die ganze Familie. Unterhaltsam und zum Nachdenken. Gespickt mit einem &#8222;magischen Fenster&#8220;.<br \/>\nAktuelle Termine finden Sie unter der Rubrik&nbsp;<strong><a title=\"Termine\" href=\"http:\/\/www.theatervaganten.de\/?page_id=77\">Termine<\/a><\/strong>.<\/p>\n<p><strong>\u00bbDie kleine Hexe, die nicht b\u00f6se sein konnte\u00ab<\/strong> Maria, Clara Machado<br \/>\nEin St\u00fcck f\u00fcr Kinder ab 5 Jahren. Untermalt mit wunderbaren Kl\u00e4ngen durch das Musiktrio Spielfr\u00f4ide aus Hofheim.<br \/>\nAktuelle Termine finden Sie unter der Rubrik <strong><a title=\"Termine\" href=\"http:\/\/www.theatervaganten.de\/?page_id=77\">Termine<\/a><\/strong>.<\/p>\n<p><strong>\u00bbF\u00fcnf Frauen und ein Mord\u00ab<\/strong> nach einer Novelle von Gladys Happleworth<br \/>\nEine szenische Lesung in 3 Akten. Regelm\u00e4\u00dfig bieten wir mit dem St\u00fcck und Zusammenarbeit lokaler Gastronomien einen Leckerbissen f\u00fcr Augen, Ohren und Gaumen. Mit musikalischer Begleitung durch Wilma &amp; the Po&#8217;Boys aus Hofheim.<br \/>\nAlle aktuellen Termine finden Sie unter der Rubrik <strong><a title=\"Termine\" href=\"http:\/\/www.theatervaganten.de\/?page_id=77\">Termine<\/a>.<\/strong><\/p>\n<p>&nbsp;<\/p>\n<p>Nachfolgend finden Sie eine \u00dcbersicht \u00fcber alle aktuelle und vergangene St\u00fccke der Theatervaganten.<\/p>\n","protected":false},"excerpt":{"rendered":"<p>Aktuelle Auff\u00fchrungen \u00bbTheaterliebe\u00ab&nbsp;eine Eigenproduktion Erstmalig pr\u00e4sentieren die Theatervaganten selbsterstellte Elemente die sie Selbst am Theater lieben in einem abendf\u00fcllenden Arangement.&nbsp; Aktuelle Termine finden Sie unter der Rubrik&nbsp;Termine. \u00bbAbrakadabra\u00ab&nbsp;Frauke Michaelis Ein St\u00fcck f\u00fcr Kinder ab 4&nbsp;Jahren.&nbsp;Ein modernes Zauberm\u00e4rchen f\u00fcr die ganze Familie. Unterhaltsam und zum Nachdenken. Gespickt mit einem &#8222;magischen Fenster&#8220;. Aktuelle Termine finden Sie unter &hellip; <\/p>\n<p><a class=\"more-link btn\" href=\"https:\/\/www.theatervaganten.de\/?page_id=16\">Continue reading<\/a><\/p>\n","protected":false},"author":1,"featured_media":0,"parent":0,"menu_order":1,"comment_status":"closed","ping_status":"closed","template":"","meta":[],"_links":{"self":[{"href":"https:\/\/www.theatervaganten.de\/index.php?rest_route=\/wp\/v2\/pages\/16"}],"collection":[{"href":"https:\/\/www.theatervaganten.de\/index.php?rest_route=\/wp\/v2\/pages"}],"about":[{"href":"https:\/\/www.theatervaganten.de\/index.php?rest_route=\/wp\/v2\/types\/page"}],"author":[{"embeddable":true,"href":"https:\/\/www.theatervaganten.de\/index.php?rest_route=\/wp\/v2\/users\/1"}],"replies":[{"embeddable":true,"href":"https:\/\/www.theatervaganten.de\/index.php?rest_route=%2Fwp%2Fv2%2Fcomments&post=16"}],"version-history":[{"count":13,"href":"https:\/\/www.theatervaganten.de\/index.php?rest_route=\/wp\/v2\/pages\/16\/revisions"}],"predecessor-version":[{"id":510,"href":"https:\/\/www.theatervaganten.de\/index.php?rest_route=\/wp\/v2\/pages\/16\/revisions\/510"}],"wp:attachment":[{"href":"https:\/\/www.theatervaganten.de\/index.php?rest_route=%2Fwp%2Fv2%2Fmedia&parent=16"}],"curies":[{"name":"wp","href":"https:\/\/api.w.org\/{rel}","templated":true}]}}