{"id":40,"date":"2011-08-30T00:17:24","date_gmt":"2011-08-30T00:17:24","guid":{"rendered":"http:\/\/www.theatervaganten.de\/relaunch\/?page_id=40"},"modified":"2017-08-18T20:15:16","modified_gmt":"2017-08-18T20:15:16","slug":"die-kleine-hexe-die-nicht-bose-sein-konnte","status":"publish","type":"page","link":"https:\/\/www.theatervaganten.de\/?page_id=40","title":{"rendered":"Die kleine Hexe die nicht b\u00f6se sein konnte"},"content":{"rendered":"<p><a href=\"http:\/\/www.theatervaganten.de\/wp-content\/uploads\/2011\/08\/diekleinehexe_logobig.jpg\"><img loading=\"lazy\" src=\"http:\/\/www.theatervaganten.de\/wp-content\/uploads\/2011\/08\/diekleinehexe_logobig.jpg\" alt=\"Die kleine Hexe die nicht b\u00f6se sein konnte - Logo\" title=\"diekleinehexe_logobig\" width=\"650\" height=\"177\" class=\"alignnone size-full wp-image-73\" srcset=\"https:\/\/www.theatervaganten.de\/wp-content\/uploads\/2011\/08\/diekleinehexe_logobig.jpg 650w, https:\/\/www.theatervaganten.de\/wp-content\/uploads\/2011\/08\/diekleinehexe_logobig-300x81.jpg 300w\" sizes=\"(max-width: 650px) 100vw, 650px\" \/><\/a><br \/>\n<strong><br \/>\n&#8222;Die kleine Hexe, die nicht b\u00f6se sein konnte&#8220;<\/strong> von Maria Clara Machado<\/p>\n<p>Die kleine Hexe Rosmarin ist anders als ihre b\u00f6sen Hexenmitsch\u00fclerinnen. Sie hat blond-goldenes Haar und kann gar nicht so richtig gemein sein, wie es sich f\u00fcr eine Hexe geh\u00f6rt. So f\u00e4llt sie denn auch durch die Hexenpr\u00fcfung und gewinnt nicht den von ihr hei\u00df ersehnten Raketenbesen. Als sie dann noch dem Holzf\u00e4ller Peter gegen den Befehl von Hexenmeister F\u00fcrst Otterngift Gutes tut, wird sie in den Pechturm gesperrt. Aber Peter findet ein Mittel zu ihrer Befreiung. Eine spannende Reise durch das Reich des B\u00f6sen \u2013 wie auf einem Raketenbesen &#8211; von zauberhaften Kl\u00e4ngen alter Instrumente begleitet.<\/p>\n<p><strong>Die Band &#8211; Spielfr\u00f4ide<\/strong><\/p>\n<p>Musikalisch begleitet wird das St\u00fcck durch die Musikgruppe Spielfr\u00f4ide aus Hofheim. Uli Beyer (Keltische Harfe, Low Whistle, Saitentambourin) Christine Michel (Baumtrommel, Garklein, Sopran-Fl\u00f6te, Schnurtrommel) J\u00fcrgen Michel (Bombarde, Drehleier, Psalter) schaffen mit ihren altert\u00fcmlichen Instrumenten eine Atmosp\u00e4hre die zum Eintauchen in die zauberhafte Hexenwelt einl\u00e4dt.<\/p>\n<p><strong>Die Autorin<\/strong><\/p>\n<p>Maria Clara Machado war eine brasilianische Autorin, welche sich auf Kindertheater St\u00fccke ausgerichtet hatte. Sie wurde 1921 in Belo Horizonte geboren und starb 2001 in Rio de Janeiro, wo sie auch die meiste Zeit ihres Lebens verbrachte. Als Tochter des Autoren An\u00edbal Machado studierte sie Theater in Paris und gr\u00fcndete nach ihrer R\u00fcckkehr nach Brasilien die Schauspielschule O Tablado in Rio de Janeiro.<\/p>\n<p>Link zum Flyer:<br \/>\n<a href=\"http:\/\/www.theatervaganten.de\/wp-content\/uploads\/2011\/08\/flyer_hexe_august.pdf \">(Download als PDF)<\/a><\/p>\n<p>Der Trailer zum St\u00fcck:<br \/>\n<iframe loading=\"lazy\" width=\"560\" height=\"315\" src=\"http:\/\/www.youtube.com\/embed\/aYRS2gUZMKs\" frameborder=\"0\" allowfullscreen><\/iframe><\/p>\n","protected":false},"excerpt":{"rendered":"<p>&#8222;Die kleine Hexe, die nicht b\u00f6se sein konnte&#8220; von Maria Clara Machado Die kleine Hexe Rosmarin ist anders als ihre b\u00f6sen Hexenmitsch\u00fclerinnen. Sie hat blond-goldenes Haar und kann gar nicht so richtig gemein sein, wie es sich f\u00fcr eine Hexe geh\u00f6rt. So f\u00e4llt sie denn auch durch die Hexenpr\u00fcfung und gewinnt nicht den von ihr &hellip; <\/p>\n<p><a class=\"more-link btn\" href=\"https:\/\/www.theatervaganten.de\/?page_id=40\">Continue reading<\/a><\/p>\n","protected":false},"author":2,"featured_media":152,"parent":16,"menu_order":8,"comment_status":"closed","ping_status":"closed","template":"","meta":[],"_links":{"self":[{"href":"https:\/\/www.theatervaganten.de\/index.php?rest_route=\/wp\/v2\/pages\/40"}],"collection":[{"href":"https:\/\/www.theatervaganten.de\/index.php?rest_route=\/wp\/v2\/pages"}],"about":[{"href":"https:\/\/www.theatervaganten.de\/index.php?rest_route=\/wp\/v2\/types\/page"}],"author":[{"embeddable":true,"href":"https:\/\/www.theatervaganten.de\/index.php?rest_route=\/wp\/v2\/users\/2"}],"replies":[{"embeddable":true,"href":"https:\/\/www.theatervaganten.de\/index.php?rest_route=%2Fwp%2Fv2%2Fcomments&post=40"}],"version-history":[{"count":14,"href":"https:\/\/www.theatervaganten.de\/index.php?rest_route=\/wp\/v2\/pages\/40\/revisions"}],"predecessor-version":[{"id":70,"href":"https:\/\/www.theatervaganten.de\/index.php?rest_route=\/wp\/v2\/pages\/40\/revisions\/70"}],"up":[{"embeddable":true,"href":"https:\/\/www.theatervaganten.de\/index.php?rest_route=\/wp\/v2\/pages\/16"}],"wp:featuredmedia":[{"embeddable":true,"href":"https:\/\/www.theatervaganten.de\/index.php?rest_route=\/wp\/v2\/media\/152"}],"wp:attachment":[{"href":"https:\/\/www.theatervaganten.de\/index.php?rest_route=%2Fwp%2Fv2%2Fmedia&parent=40"}],"curies":[{"name":"wp","href":"https:\/\/api.w.org\/{rel}","templated":true}]}}