{"id":62,"date":"2011-08-30T06:44:40","date_gmt":"2011-08-30T06:44:40","guid":{"rendered":"http:\/\/www.theatervaganten.de\/relaunch\/?page_id=62"},"modified":"2017-08-18T20:14:08","modified_gmt":"2017-08-18T20:14:08","slug":"auf-hoher-see","status":"publish","type":"page","link":"https:\/\/www.theatervaganten.de\/?page_id=62","title":{"rendered":"Auf hoher See"},"content":{"rendered":"<p><a href=\"http:\/\/www.theatervaganten.de\/wp-content\/uploads\/2011\/09\/aufhohersee_logo_big.jpg\"><img loading=\"lazy\" src=\"http:\/\/www.theatervaganten.de\/wp-content\/uploads\/2011\/09\/aufhohersee_logo_big.jpg\" alt=\"Auf hoher See - Logo big\" title=\"Auf hoher See - Logo big\" width=\"650\" height=\"178\" class=\"alignnone size-full wp-image-149\" srcset=\"https:\/\/www.theatervaganten.de\/wp-content\/uploads\/2011\/09\/aufhohersee_logo_big.jpg 650w, https:\/\/www.theatervaganten.de\/wp-content\/uploads\/2011\/09\/aufhohersee_logo_big-300x82.jpg 300w\" sizes=\"(max-width: 650px) 100vw, 650px\" \/><\/a><\/p>\n<h2>Zur Zeit sind keine Auff\u00fchrungen angesetzt<\/h2>\n<div>\n<h4>\u00bbAuf hoher See\u00ab von Slawomir Mrozek<\/h4>\n<h5>Inszenierung: Hilde Brand<\/h5>\n<p>&#8222;Auf hoher See&#8220; stammt aus der Feder von Slawomir Mrozek. Der Autor gilt als Meister der Satire und des grotesken Humors. Mit seinen absurden Theaterst\u00fccken gelangte er, von der Kritik als &#8222;polnischer Ionesco&#8220; gefeiert, Mitte der 60er Jahre zu Weltruhm. &#8222;Wir m\u00fcssen einen von uns essen!&#8220; zu diesem Schlu\u00df kommen drei Schiffbr\u00fcchige, denen die Nahrung ausgegangen ist. Um den Hunger zu stillen, soll einer von ihnen geopfert werden. Es geht dem St\u00fcck aber nicht um das ethische Problem des Kannibalismus, was vielleicht zu vermuten w\u00e4re, nein, der wird von den Hungernden gar nicht in Frage gestellt. Vielmehr stehen im Mittelpunkt des Dramas die ideologischen Winkelz\u00fcge, mit denen ein Opfer gesucht und \u00fcberredet werden soll. Dem hinterh\u00e4ltigen Machtmenschen steht der unterw\u00fcrfige Mitmacher zur Seite. In dieser Konstellation versucht der sich listig windende Dritte alle Register zu ziehen, um dem Kochtopf zu entgehen. Dabei sind die Dialoge in ihrer demagogischen Vordergr\u00fcndigkeit so absurd, da\u00df man eben doch manchmal von seinem eigenen Lachen \u00fcberrascht wird.<\/p>\n<h5>Bisherige Auff\u00fchrungen:<\/h5>\n<p>07.02.2004 Taunusschule K\u00f6nigstein<br \/>\n10.01.2004 Stadthalle Hofheim<br \/>\n31.12.2003 Stadthalle Hofheim<\/p>\n<h5>Premierenplakat<\/h5>\n<p><img src=\"http:\/\/www.theatervaganten.de\/img\/aufhohersee\/plakat_m.jpg\" alt=\"Premierenplakat\" border=\"0\" \/><\/p>\n<\/div>\n","protected":false},"excerpt":{"rendered":"<p>Zur Zeit sind keine Auff\u00fchrungen angesetzt \u00bbAuf hoher See\u00ab von Slawomir Mrozek Inszenierung: Hilde Brand &#8222;Auf hoher See&#8220; stammt aus der Feder von Slawomir Mrozek. Der Autor gilt als Meister der Satire und des grotesken Humors. Mit seinen absurden Theaterst\u00fccken gelangte er, von der Kritik als &#8222;polnischer Ionesco&#8220; gefeiert, Mitte der 60er Jahre zu Weltruhm. &hellip; <\/p>\n<p><a class=\"more-link btn\" href=\"https:\/\/www.theatervaganten.de\/?page_id=62\">Continue reading<\/a><\/p>\n","protected":false},"author":2,"featured_media":0,"parent":16,"menu_order":12,"comment_status":"closed","ping_status":"closed","template":"","meta":[],"_links":{"self":[{"href":"https:\/\/www.theatervaganten.de\/index.php?rest_route=\/wp\/v2\/pages\/62"}],"collection":[{"href":"https:\/\/www.theatervaganten.de\/index.php?rest_route=\/wp\/v2\/pages"}],"about":[{"href":"https:\/\/www.theatervaganten.de\/index.php?rest_route=\/wp\/v2\/types\/page"}],"author":[{"embeddable":true,"href":"https:\/\/www.theatervaganten.de\/index.php?rest_route=\/wp\/v2\/users\/2"}],"replies":[{"embeddable":true,"href":"https:\/\/www.theatervaganten.de\/index.php?rest_route=%2Fwp%2Fv2%2Fcomments&post=62"}],"version-history":[{"count":6,"href":"https:\/\/www.theatervaganten.de\/index.php?rest_route=\/wp\/v2\/pages\/62\/revisions"}],"predecessor-version":[{"id":67,"href":"https:\/\/www.theatervaganten.de\/index.php?rest_route=\/wp\/v2\/pages\/62\/revisions\/67"}],"up":[{"embeddable":true,"href":"https:\/\/www.theatervaganten.de\/index.php?rest_route=\/wp\/v2\/pages\/16"}],"wp:attachment":[{"href":"https:\/\/www.theatervaganten.de\/index.php?rest_route=%2Fwp%2Fv2%2Fmedia&parent=62"}],"curies":[{"name":"wp","href":"https:\/\/api.w.org\/{rel}","templated":true}]}}