{"id":79,"date":"2011-08-30T09:54:03","date_gmt":"2011-08-30T09:54:03","guid":{"rendered":"http:\/\/www.theatervaganten.de\/relaunch\/?page_id=79"},"modified":"2017-08-18T20:15:01","modified_gmt":"2017-08-18T20:15:01","slug":"funf-frauen-und-ein-mord","status":"publish","type":"page","link":"https:\/\/www.theatervaganten.de\/?page_id=79","title":{"rendered":"F\u00fcnf Frauen und ein Mord"},"content":{"rendered":"<p><a href=\"http:\/\/www.theatervaganten.de\/wp-content\/uploads\/2011\/08\/fuenffrauenundeinmord_logo_big.jpg\"><img loading=\"lazy\" src=\"http:\/\/www.theatervaganten.de\/wp-content\/uploads\/2011\/08\/fuenffrauenundeinmord_logo_big.jpg\" alt=\"F\u00fcnf Frauen und ein Mord - Logo big\" title=\"F\u00fcnf Frauen und ein Mord - Logo big\" width=\"650\" height=\"177\" class=\"alignnone size-full wp-image-120\" srcset=\"https:\/\/www.theatervaganten.de\/wp-content\/uploads\/2011\/08\/fuenffrauenundeinmord_logo_big.jpg 650w, https:\/\/www.theatervaganten.de\/wp-content\/uploads\/2011\/08\/fuenffrauenundeinmord_logo_big-300x81.jpg 300w\" sizes=\"(max-width: 650px) 100vw, 650px\" \/><\/a><br \/>\n<strong>\u00bbF\u00fcnf Frauen und ein Mord\u00ab<\/strong><\/p>\n<p>nach einer Novelle von Gladys Happleworth<\/p>\n<p>Inspektor Edward Hollister steht vor seinem schwierigsten Fall. Das Haus Heartstone wird vom tragischen Tod Malcolm Shaugnesseys ersch\u00fcttert. War es wirklich ein Unfall? Die f\u00fcnf Bewohner des Hauses, allesamt Frauen, machen dem Inspektor die Ermittlungen nicht gerade leicht.<\/p>\n<p>&#8230;die Wahrheit, tja&#8230; es gibt so viele davon.<\/p>\n<p><strong>Die Autorin<\/strong><\/p>\n<p>Geboren 1889 in Berkshire durchlebte Gladys eine schwere Kindheit in einem Waisenhaus, aus dem sie im zarten Alter von 17 Jahren floh. \u00dcber Umwege \u00fcber Glasgow und Birmingham verschlug es die junge Britin 1910 endlich nach London, wo sie als Stenotypistin einen Job in einer Anwaltskanzlei annahm. In der Abendschule lernte sie ihren ersten Mann George Browning kennen, durch den sie ihre Liebe zur Literatur und zu den sch\u00f6nen K\u00fcnsten entdeckte. Erste Romane und Kurzgeschichten f\u00fcr diverse Londoner Zeitungen folgen, so auch ein erster Ausflug in die erotische Literatur.<\/p>\n<p><a href=\"http:\/\/www.theatervaganten.de\/wp-content\/uploads\/2012\/03\/Pressemappe-5FueM.pdf\" title=\"Download der Pressemappe als PDF\">Download der Pressemappe als PDF <\/a><\/p>\n","protected":false},"excerpt":{"rendered":"<p>\u00bbF\u00fcnf Frauen und ein Mord\u00ab nach einer Novelle von Gladys Happleworth Inspektor Edward Hollister steht vor seinem schwierigsten Fall. Das Haus Heartstone wird vom tragischen Tod Malcolm Shaugnesseys ersch\u00fcttert. War es wirklich ein Unfall? Die f\u00fcnf Bewohner des Hauses, allesamt Frauen, machen dem Inspektor die Ermittlungen nicht gerade leicht. &#8230;die Wahrheit, tja&#8230; es gibt so &hellip; <\/p>\n<p><a class=\"more-link btn\" href=\"https:\/\/www.theatervaganten.de\/?page_id=79\">Continue reading<\/a><\/p>\n","protected":false},"author":2,"featured_media":120,"parent":16,"menu_order":9,"comment_status":"closed","ping_status":"closed","template":"","meta":[],"_links":{"self":[{"href":"https:\/\/www.theatervaganten.de\/index.php?rest_route=\/wp\/v2\/pages\/79"}],"collection":[{"href":"https:\/\/www.theatervaganten.de\/index.php?rest_route=\/wp\/v2\/pages"}],"about":[{"href":"https:\/\/www.theatervaganten.de\/index.php?rest_route=\/wp\/v2\/types\/page"}],"author":[{"embeddable":true,"href":"https:\/\/www.theatervaganten.de\/index.php?rest_route=\/wp\/v2\/users\/2"}],"replies":[{"embeddable":true,"href":"https:\/\/www.theatervaganten.de\/index.php?rest_route=%2Fwp%2Fv2%2Fcomments&post=79"}],"version-history":[{"count":8,"href":"https:\/\/www.theatervaganten.de\/index.php?rest_route=\/wp\/v2\/pages\/79\/revisions"}],"predecessor-version":[{"id":81,"href":"https:\/\/www.theatervaganten.de\/index.php?rest_route=\/wp\/v2\/pages\/79\/revisions\/81"}],"up":[{"embeddable":true,"href":"https:\/\/www.theatervaganten.de\/index.php?rest_route=\/wp\/v2\/pages\/16"}],"wp:featuredmedia":[{"embeddable":true,"href":"https:\/\/www.theatervaganten.de\/index.php?rest_route=\/wp\/v2\/media\/120"}],"wp:attachment":[{"href":"https:\/\/www.theatervaganten.de\/index.php?rest_route=%2Fwp%2Fv2%2Fmedia&parent=79"}],"curies":[{"name":"wp","href":"https:\/\/api.w.org\/{rel}","templated":true}]}}