{"id":82,"date":"2011-08-30T09:56:01","date_gmt":"2011-08-30T09:56:01","guid":{"rendered":"http:\/\/www.theatervaganten.de\/relaunch\/?page_id=82"},"modified":"2017-08-18T20:14:44","modified_gmt":"2017-08-18T20:14:44","slug":"die-frau-von-fruher","status":"publish","type":"page","link":"https:\/\/www.theatervaganten.de\/?page_id=82","title":{"rendered":"Die Frau von Fr\u00fcher"},"content":{"rendered":"<p><a href=\"http:\/\/www.theatervaganten.de\/wp-content\/uploads\/2011\/09\/diefrauvonfrueher_logo_big.jpg\"><img loading=\"lazy\" src=\"http:\/\/www.theatervaganten.de\/wp-content\/uploads\/2011\/09\/diefrauvonfrueher_logo_big.jpg\" alt=\"Die Frau von Fr\u00fcher - Logo big\" title=\"Die Frau von Fr\u00fcher - Logo big\" width=\"650\" height=\"177\" class=\"alignnone size-full wp-image-146\" srcset=\"https:\/\/www.theatervaganten.de\/wp-content\/uploads\/2011\/09\/diefrauvonfrueher_logo_big.jpg 650w, https:\/\/www.theatervaganten.de\/wp-content\/uploads\/2011\/09\/diefrauvonfrueher_logo_big-300x81.jpg 300w\" sizes=\"(max-width: 650px) 100vw, 650px\" \/><\/a><\/p>\n<h4><strong>\u00bbDie Frau von fr\u00fcher\u00ab von Roland Schimmelpfennig<\/strong><\/h4>\n<h5><strong>Inszenierung: Hilde Brand<\/strong><\/h5>\n<h5>&#8222;Die Frau von fr\u00fcher&#8220;\u2026<\/h5>\n<p>\u2026 w\u00fcrde man heute kurz &#8222;die Ex&#8220; nennen. Klassische und moderne Literatur erz\u00e4hlt von ihr, in Filmen tritt sie auf, in Trag\u00f6dien und Kom\u00f6dien wirkt dieser spezielle Schatten der Vergangenheit in die Gegenwart hinein. Er stiftet meistens Unheil oder sorgt zumindest f\u00fcr Verwirrung. &#8222;Die Frau von fr\u00fcher&#8220; fordert radikal die Erf\u00fcllung eines f\u00fcr sie g\u00fcltigen Liebesschwurs &#8211; gegen jede Vernunft und Realit\u00e4t.<br \/>\nSie scheint verr\u00fcckt und besessen, verfolgt jedoch klar und kompromisslos ihr Ziel: die Ausl\u00f6schung der Vergangenheit zugunsten einer Utopie, die zum Scheitern verurteilt ist. Roland Schimmelpfennig: &#8222;<em>Romy verlangt, dass alle Spuren und Zeichen der vergangenen 24 Jahre ausgel\u00f6scht werden. Es muss die Zeit mit aller Macht zur\u00fcckgedreht werden.<\/em>&#8220;<\/p>\n<h5><strong>Der Autor<\/strong><\/h5>\n<p>Roland Schimmelpfennig, Jahrgang 1967, ist der zurzeit meistgespielte Gegenwartsdramatiker Deutschlands. Er schrieb dieses St\u00fcck als Auftragsarbeit f\u00fcr das Wiener Burgtheater. Die Urauff\u00fchrung fand 2004 statt. Seine Arbeit umfasst etwa zwanzig B\u00fchnenst\u00fccke, die weltweit aufgef\u00fchrt werden. Unter anderem erhielt er 2002 den Nestroy-Theaterpreis.<br \/>\n&#8222;<em>Schimmelpfennig hat einen einfach komplizierten Plot ersonnen. (&#8230;) Vor Unwahrscheinlichkeiten hat er keine Scheu. Er tut, als w\u00e4re das Absurde das Normale, womit er im Grunde gar nicht so falsch liegt. (&#8230;) Da bricht das Absolute in die absolute Relativit\u00e4t ein.<\/em>&#8220; (Ulrich Weinzierl, die Welt, 14.09.2004)<\/p>\n","protected":false},"excerpt":{"rendered":"<p>\u00bbDie Frau von fr\u00fcher\u00ab von Roland Schimmelpfennig Inszenierung: Hilde Brand &#8222;Die Frau von fr\u00fcher&#8220;\u2026 \u2026 w\u00fcrde man heute kurz &#8222;die Ex&#8220; nennen. Klassische und moderne Literatur erz\u00e4hlt von ihr, in Filmen tritt sie auf, in Trag\u00f6dien und Kom\u00f6dien wirkt dieser spezielle Schatten der Vergangenheit in die Gegenwart hinein. Er stiftet meistens Unheil oder sorgt zumindest &hellip; <\/p>\n<p><a class=\"more-link btn\" href=\"https:\/\/www.theatervaganten.de\/?page_id=82\">Continue reading<\/a><\/p>\n","protected":false},"author":2,"featured_media":151,"parent":16,"menu_order":10,"comment_status":"closed","ping_status":"closed","template":"","meta":[],"_links":{"self":[{"href":"https:\/\/www.theatervaganten.de\/index.php?rest_route=\/wp\/v2\/pages\/82"}],"collection":[{"href":"https:\/\/www.theatervaganten.de\/index.php?rest_route=\/wp\/v2\/pages"}],"about":[{"href":"https:\/\/www.theatervaganten.de\/index.php?rest_route=\/wp\/v2\/types\/page"}],"author":[{"embeddable":true,"href":"https:\/\/www.theatervaganten.de\/index.php?rest_route=\/wp\/v2\/users\/2"}],"replies":[{"embeddable":true,"href":"https:\/\/www.theatervaganten.de\/index.php?rest_route=%2Fwp%2Fv2%2Fcomments&post=82"}],"version-history":[{"count":5,"href":"https:\/\/www.theatervaganten.de\/index.php?rest_route=\/wp\/v2\/pages\/82\/revisions"}],"predecessor-version":[{"id":84,"href":"https:\/\/www.theatervaganten.de\/index.php?rest_route=\/wp\/v2\/pages\/82\/revisions\/84"}],"up":[{"embeddable":true,"href":"https:\/\/www.theatervaganten.de\/index.php?rest_route=\/wp\/v2\/pages\/16"}],"wp:featuredmedia":[{"embeddable":true,"href":"https:\/\/www.theatervaganten.de\/index.php?rest_route=\/wp\/v2\/media\/151"}],"wp:attachment":[{"href":"https:\/\/www.theatervaganten.de\/index.php?rest_route=%2Fwp%2Fv2%2Fmedia&parent=82"}],"curies":[{"name":"wp","href":"https:\/\/api.w.org\/{rel}","templated":true}]}}