{"id":85,"date":"2011-08-30T10:02:37","date_gmt":"2011-08-30T10:02:37","guid":{"rendered":"http:\/\/www.theatervaganten.de\/relaunch\/?page_id=85"},"modified":"2017-08-18T20:14:24","modified_gmt":"2017-08-18T20:14:24","slug":"alles-im-garten","status":"publish","type":"page","link":"https:\/\/www.theatervaganten.de\/?page_id=85","title":{"rendered":"Alles im Garten"},"content":{"rendered":"<p><a href=\"http:\/\/www.theatervaganten.de\/wp-content\/uploads\/2011\/08\/allesimgarten_logo_big.jpg\"><img loading=\"lazy\" src=\"http:\/\/www.theatervaganten.de\/wp-content\/uploads\/2011\/08\/allesimgarten_logo_big.jpg\" alt=\"Alles im Garten - Logo big\" title=\"Alles im Garten - Logo big\" width=\"650\" height=\"252\" class=\"alignnone size-full wp-image-116\" srcset=\"https:\/\/www.theatervaganten.de\/wp-content\/uploads\/2011\/08\/allesimgarten_logo_big.jpg 650w, https:\/\/www.theatervaganten.de\/wp-content\/uploads\/2011\/08\/allesimgarten_logo_big-300x116.jpg 300w\" sizes=\"(max-width: 650px) 100vw, 650px\" \/><\/a><br \/>\n<strong>\u00bbAlles im Garten\u00ab von Edward Albee<\/strong><\/p>\n<p><strong>Inszenierung: Hilde Brand<\/strong><\/p>\n<p>Originaltitel &#8222;Everything in the Garden&#8220;<\/p>\n<p>Der ganz allt\u00e4gliche Wahnsinn&#8230;<\/p>\n<p>\u201eJemand hat eine Leiche im Keller\u201c ist ein bekanntes Sprichwort. Gemeint sind damit alle Fehltritte, Betr\u00fcgereien und \u00a0Verleumdungen, die ein Mensch im Lauf seines Lebens begeht und vertuscht. Aber irgendwie bleibt sie doch pr\u00e4sent, die Leiche.<\/p>\n<p>Albee macht mit dem Sprichwort in unserem St\u00fcck \u00a0Ernst und treibt es auf die Spitze. Mit Witz und psychologischer Intelligenz entwickelt er, wie das schleichende Gift der hier personifizierten Verf\u00fchrung zu wirken beginnt.<\/p>\n<p>Denn zun\u00e4chst ist der Wunsch nach einem H\u00e4uschen, einem gepflegten Garten, einer guten Ausbildung f\u00fcr die Kinder, netten Freunden und die Mitgliedschaft im Tennisclub ja wohl nicht verwerflich. Oder?<\/p>\n<p>Da braucht blo\u00df jemand mit einem dicken Geldb\u00fcndel zu winken und alle Tugenden und Prinzipien werden auf den Misthaufen, respektive in die Senkgrube geworfen. \u00a0Der Wert der Ware beherrscht die Handelnden bis zur Zerst\u00f6rung ihrer psychischen und realen Pers\u00f6nlichkeit. Wie viel \u00e4rmer werden doch die Menschen, wenn sie immer reicher werden wollen! Der Preis ist hoch, wenn der Besitz von Konsumg\u00fctern als wichtigstes Merkmal von Erfolg und Anerkennung gilt \u00a0und h\u00f6her als Liebe, Freundschaft und Menschlichkeit rangiert.<\/p>\n<p>K\u00f6nnen die Protagonisten den Lauf des Verh\u00e4ngnisses noch aufhalten? Wird die ach, so reizende Jenny von ihrem in den Wahnsinn treibenden Mann Richard noch zur Umkehr bewegt? Erkennt der fr\u00f6hliche Zecher und reiche Au\u00dfenseiter Jack, der die Geschichte kommentiert, den Ernst der Lage? Er beschw\u00f6rt doch unwissentlich direkt die Katastrophe erst herauf! Und das unschuldige T\u00f6chterchen, das mit gro\u00dfen Augen am Rande des Geschehens steht und nur eine dunkle Ahnung von den b\u00f6sen Spielchen der Erwachsenen bekommt, was wird wohl aus ihr?<\/p>\n<p>Die Aufrechterhaltung der br\u00fcchigen kleinb\u00fcrgerlichen Fassade ist oberstes Gebot und wird hysterisch verteidigt. Tja und da muss man eben zwangsl\u00e4ufig auch mal \u00fcber Leichen gehen. Es w\u00e4chst ja Gras dr\u00fcber.<\/p>\n<p>Kann jemals alles so sein wie es vorher war, w\u00e4chst wirklich Gras \u00fcber die Geschichte?<\/p>\n","protected":false},"excerpt":{"rendered":"<p>\u00bbAlles im Garten\u00ab von Edward Albee Inszenierung: Hilde Brand Originaltitel &#8222;Everything in the Garden&#8220; Der ganz allt\u00e4gliche Wahnsinn&#8230; \u201eJemand hat eine Leiche im Keller\u201c ist ein bekanntes Sprichwort. Gemeint sind damit alle Fehltritte, Betr\u00fcgereien und \u00a0Verleumdungen, die ein Mensch im Lauf seines Lebens begeht und vertuscht. Aber irgendwie bleibt sie doch pr\u00e4sent, die Leiche. Albee &hellip; <\/p>\n<p><a class=\"more-link btn\" href=\"https:\/\/www.theatervaganten.de\/?page_id=85\">Continue reading<\/a><\/p>\n","protected":false},"author":2,"featured_media":116,"parent":16,"menu_order":11,"comment_status":"closed","ping_status":"closed","template":"","meta":[],"_links":{"self":[{"href":"https:\/\/www.theatervaganten.de\/index.php?rest_route=\/wp\/v2\/pages\/85"}],"collection":[{"href":"https:\/\/www.theatervaganten.de\/index.php?rest_route=\/wp\/v2\/pages"}],"about":[{"href":"https:\/\/www.theatervaganten.de\/index.php?rest_route=\/wp\/v2\/types\/page"}],"author":[{"embeddable":true,"href":"https:\/\/www.theatervaganten.de\/index.php?rest_route=\/wp\/v2\/users\/2"}],"replies":[{"embeddable":true,"href":"https:\/\/www.theatervaganten.de\/index.php?rest_route=%2Fwp%2Fv2%2Fcomments&post=85"}],"version-history":[{"count":6,"href":"https:\/\/www.theatervaganten.de\/index.php?rest_route=\/wp\/v2\/pages\/85\/revisions"}],"predecessor-version":[{"id":117,"href":"https:\/\/www.theatervaganten.de\/index.php?rest_route=\/wp\/v2\/pages\/85\/revisions\/117"}],"up":[{"embeddable":true,"href":"https:\/\/www.theatervaganten.de\/index.php?rest_route=\/wp\/v2\/pages\/16"}],"wp:featuredmedia":[{"embeddable":true,"href":"https:\/\/www.theatervaganten.de\/index.php?rest_route=\/wp\/v2\/media\/116"}],"wp:attachment":[{"href":"https:\/\/www.theatervaganten.de\/index.php?rest_route=%2Fwp%2Fv2%2Fmedia&parent=85"}],"curies":[{"name":"wp","href":"https:\/\/api.w.org\/{rel}","templated":true}]}}